{"id":2869,"date":"2019-11-20T15:58:51","date_gmt":"2019-11-20T14:58:51","guid":{"rendered":"http:\/\/inspiro24.de?page_id=2869"},"modified":"2020-09-11T13:03:59","modified_gmt":"2020-09-11T11:03:59","slug":"impressum","status":"publish","type":"page","link":"https:\/\/original-steifensand.de\/en\/about-us\/impressum","title":{"rendered":"Imprint"},"content":{"rendered":"\n<style type=\"text\/css\" data-created_by=\"avia_inline_auto\" id=\"style-css-av-3aa16g-5fd4eb38ec194d2ac9147434bf8e9ecd\">\n.avia-section.av-3aa16g-5fd4eb38ec194d2ac9147434bf8e9ecd .av-parallax .av-parallax-inner{\nbackground-repeat:no-repeat;\nbackground-image:url(https:\/\/original-steifensand.de\/wp-content\/uploads\/STE_Gebaeude1.jpg);\nbackground-position:50% 0%;\nbackground-attachment:scroll;\n}\n#top .avia-section.av-3aa16g-5fd4eb38ec194d2ac9147434bf8e9ecd .scroll-down-link{\ncolor:#d51116;\n}\n#top .avia-section.av-3aa16g-5fd4eb38ec194d2ac9147434bf8e9ecd .scroll-down-link.avia-svg-icon svg:first-child{\nstroke:#d51116;\nfill:#d51116;\n}\n<\/style>\n<div id='av_section_1'  class='avia-section av-3aa16g-5fd4eb38ec194d2ac9147434bf8e9ecd main_color avia-section-default avia-no-border-styling  avia-builder-el-0  el_before_av_heading  avia-builder-el-first  av-parallax-section avia-bg-style-parallax av-minimum-height av-minimum-height-75 av-height-75  container_wrap fullsize'  data-section-bg-repeat='no-repeat' data-av_minimum_height_pc='75' data-av_min_height_opt='75'><div class='av-parallax' data-avia-parallax-ratio='0.3' ><div class='av-parallax-inner main_color avia-full-stretch'><\/div><\/div><div class=\"av-section-color-overlay-wrap\"><a href='#next-section' title='' class='scroll-down-link av-custom-scroll-down-color avia-svg-icon avia-font-svg_entypo-fontello' data-av_svg_icon='down-open-mini' data-av_iconset='svg_entypo-fontello'><svg version=\"1.1\" xmlns=\"http:\/\/www.w3.org\/2000\/svg\" width=\"15\" height=\"32\" viewBox=\"0 0 15 32\" preserveAspectRatio=\"xMidYMid meet\" aria-labelledby='av-svg-title-1' aria-describedby='av-svg-desc-1' role=\"graphics-symbol\" aria-hidden=\"true\">\n<title id='av-svg-title-1'>Scroll to next section<\/title>\n<desc id='av-svg-desc-1'>Scroll to next section<\/desc>\n<path d=\"M12.96 12.16q0.704-0.832 1.536 0 0.832 0.704 0 1.536l-6.272 6.144q-0.704 0.704-1.536 0l-6.272-6.144q-0.832-0.832 0-1.536 0.768-0.768 1.6 0l5.44 4.992z\"><\/path>\n<\/svg><\/a><div class='container av-section-cont-open' ><main  role=\"main\" itemprop=\"mainContentOfPage\"  class='template-page content  av-content-full alpha units'><div class='post-entry post-entry-type-page post-entry-2869'><div class='entry-content-wrapper clearfix'><\/div><\/div><\/main><!-- close content main element --><\/div><\/div><\/div><div id='after_section_1'  class='main_color av_default_container_wrap container_wrap fullsize'  ><div class='container av-section-cont-open' ><div class='template-page content  av-content-full alpha units'><div class='post-entry post-entry-type-page post-entry-2869'><div class='entry-content-wrapper clearfix'>\n\n<style type=\"text\/css\" data-created_by=\"avia_inline_auto\" id=\"style-css-av-av_heading-919a2c12e98454788037845598aaf220\">\n#top .av-special-heading.av-av_heading-919a2c12e98454788037845598aaf220{\nmargin:0 0 50px 0;\npadding-bottom:10px;\n}\nbody .av-special-heading.av-av_heading-919a2c12e98454788037845598aaf220 .av-special-heading-tag .heading-char{\nfont-size:25px;\n}\n.av-special-heading.av-av_heading-919a2c12e98454788037845598aaf220 .av-subheading{\nfont-size:15px;\n}\n<\/style>\n<div  class='av-special-heading av-av_heading-919a2c12e98454788037845598aaf220 av-special-heading-h1  avia-builder-el-1  el_after_av_section  el_before_av_one_half  avia-builder-el-first  av-linked-heading'><h1 class='av-special-heading-tag '  itemprop=\"headline\"  >Imprint<\/h1><div class=\"special-heading-border\"><div class=\"special-heading-inner-border\"><\/div><\/div><\/div>\n\n<style type=\"text\/css\" data-created_by=\"avia_inline_auto\" id=\"style-css-av-3xg81k-f50de9225f55f36c6d7a5446cdd760d0\">\n.flex_column.av-3xg81k-f50de9225f55f36c6d7a5446cdd760d0{\nborder-radius:0px 0px 0px 0px;\npadding:0px 0px 0px 0px;\n}\n<\/style>\n<div  class='flex_column av-3xg81k-f50de9225f55f36c6d7a5446cdd760d0 av_one_half  avia-builder-el-2  el_after_av_heading  el_before_av_one_half  first flex_column_div av-zero-column-padding  '     ><section  class='av_textblock_section av-k0dhmau9-5d1bf84beb7ae2fa0e1e5fe1344e2103 '   itemscope=\"itemscope\" itemtype=\"https:\/\/schema.org\/CreativeWork\" ><div class='avia_textblock'  itemprop=\"text\" ><p><strong>Responsible for contents:<\/strong><\/p>\n<p>F.-Martin Steifensand B\u00fcrom\u00f6bel GmbH<br \/>\nThundorfer Strasse 11<br \/>\nD-92342 Freystadt \/ Rettelloh<\/p>\n<p>Telefon: +49 (0) 91 79 \/ 96 55-0<br \/>\nTelefax: +49 (0) 91 79 \/ 96 55-44<\/p>\n<p>E-mail: <a href=\"mailto:mail@original-steifensand.de\">mail@original-steifensand.de<\/a><br \/>\n<a href=\"http:\/\/www.original-steifensand.de\">http:\/\/www.original-steifensand.de<\/a><\/p>\n<p>Amtsgericht N\u00fcrnberg HRB-Nr. 8895<br \/>\nUStID-Nr.: DE 813 285 711<\/p>\n<p>Manager:<br \/>\nLothar Kroczek, Alexander H\u00e4rtel<\/p>\n<p><strong>Banking Information:<\/strong><\/p>\n<p>Sparkasse Mittelfranken S\u00fcd<br \/>\nIBAN: DE86 7645 0000 0750 3701 32<br \/>\nSwift (BIC): BYLA DE M1SRS<\/p>\n<p>Raiffeisenbank Freystadt eG<br \/>\nIBAN: DE45 7606 9449 0000 0457 13<br \/>\nSwift (BIC): GENODEF1FYS<\/p>\n<p><strong>Consumer arbitration<\/strong><br \/>\nF. Martin Steifensand B\u00fcrom\u00f6bel GmbH, GF Lothar Kroczek &amp; Alexander H\u00e4rtel do not participate in consumer arbitration proceedings under the Consumer Arbitration Act. Disputes about concluded contracts and their execution can be brought before the mediation centre<br \/>\nAllgemeine Verbraucherschlichtungsstelle des<br \/>\nZentrums f\u00fcr Schlichtung e.V.<br \/>\nStrasbourg Street 8<br \/>\n77694 Kehl on the Rhine<br \/>\nbe negotiated.<\/p>\n<p>EU Commission&#8217;s online dispute resolution platform: http:\/\/ec.europa.eu\/consumers\/odr<\/p>\n<p><strong>Limitation of liability<\/strong><br \/>\nThe contents of this website are created with the greatest possible care. However, the provider accepts no responsibility for the accuracy, completeness and topicality of the content provided. The use of the contents of the website is at the user&#8217;s own risk. Contributions identified by name reflect the opinion of the respective author and not always the opinion of the provider. The mere use of the provider&#8217;s website does not constitute a contractual relationship between the user and the provider.<\/p>\n<\/div><\/section><\/div>\n<style type=\"text\/css\" data-created_by=\"avia_inline_auto\" id=\"style-css-av-2i188o-7b5a5d0f3316192a78e339f5157a7beb\">\n.flex_column.av-2i188o-7b5a5d0f3316192a78e339f5157a7beb{\nborder-radius:0px 0px 0px 0px;\npadding:0px 0px 0px 0px;\n}\n<\/style>\n<div  class='flex_column av-2i188o-7b5a5d0f3316192a78e339f5157a7beb av_one_half  avia-builder-el-4  el_after_av_one_half  el_before_av_section  avia-builder-el-last  flex_column_div av-zero-column-padding  '     ><section  class='av_textblock_section av-k0dhmumc-66f5ac8ad63a0166ac3a4c2ae226d427 '   itemscope=\"itemscope\" itemtype=\"https:\/\/schema.org\/CreativeWork\" ><div class='avia_textblock'  itemprop=\"text\" ><p><strong>External links<\/strong><br \/>\nThis website contains links to third-party websites (&#8220;external links&#8221;). These websites are subject to the liability of the respective operators. When the external links were first set up, the provider checked the external content for possible legal violations. At that time no legal violations were apparent. The provider has no influence on the current and future design and content of the linked sites. The inclusion of external links does not mean that the provider adopts the content behind the reference or link as his own. It is not reasonable to expect the provider to constantly monitor these external links without concrete evidence of legal infringements. However, such external links will be deleted immediately if violations of the law become known.<\/p>\n<p><strong>Copyright and ancillary copyrights<\/strong><br \/>\nThe content published on this website is subject to German copyright and ancillary copyright law. Any use not permitted by German copyright and ancillary copyright law requires the prior written consent of the provider or the respective rights holder. This applies in particular to copying, editing, translation, storage, processing or reproduction of contents in databases or other electronic media and systems. Contents and rights of third parties are marked as such. Unauthorised reproduction or transmission of individual contents or complete pages is not permitted and is punishable by law. Only the production of copies and downloads for personal, private and non-commercial use is permitted. The presentation of this website in external frames is only permitted with written permission.<\/p>\n<p><strong>Special terms of use<\/strong><br \/>\nInsofar as special conditions for individual uses of this website deviate from the above-mentioned statements, this will be expressly pointed out at the appropriate place. In this case, the special terms of use apply in the respective individual case.<\/p>\n<p><strong>Technical implementation:<\/strong><br \/>\n<a href=\"https:\/\/lellesch.com\/\" target=\"_blank\" rel=\"noopener noreferrer\">Klaus Lellesch<\/a><\/p>\n<\/div><\/section><\/div><\/div><\/div><\/div><!-- close content main div --><\/div><\/div><div id='av_section_2'  class='avia-section av-1u2j54-35da11ad8cd234ca11cbbd0de70ddcd1 main_color avia-section-default avia-no-border-styling  avia-builder-el-6  el_after_av_one_half  avia-builder-el-last  avia-bg-style-scroll container_wrap fullsize'  ><div class='container av-section-cont-open' ><div class='template-page content  av-content-full alpha units'><div class='post-entry post-entry-type-page post-entry-2869'><div class='entry-content-wrapper clearfix'>\n<div  class='av_gmaps_sc_main_wrap av_gmaps_main_wrap '><div id='av_gmap_0' class='avia-google-map-container avia-google-map-sc av_gmaps_show_unconditionally av-no-fallback-img ' data-mapid='av_gmap_0'  style='height: 500px;'><a class=\"av_gmaps_browser_disabled av_text_confirm_link av_text_confirm_link_visible\" href=\"https:\/\/www.google.com\/maps\/search\/?api=1&#038;query=Thundorfer%20Strasse%2011%20%2092342%20Freystadt\" target=\"_blank\">Maps were disabled by the visitor on this site. Click to open the map in a new window.<\/a><\/div><\/div>\n<\/p>\n","protected":false},"excerpt":{"rendered":"<p>&#8230;<\/p>\n","protected":false},"author":123,"featured_media":0,"parent":5432,"menu_order":0,"comment_status":"closed","ping_status":"closed","template":"","meta":{"footnotes":""},"class_list":["post-2869","page","type-page","status-publish","hentry"],"_links":{"self":[{"href":"https:\/\/original-steifensand.de\/en\/wp-json\/wp\/v2\/pages\/2869","targetHints":{"allow":["GET"]}}],"collection":[{"href":"https:\/\/original-steifensand.de\/en\/wp-json\/wp\/v2\/pages"}],"about":[{"href":"https:\/\/original-steifensand.de\/en\/wp-json\/wp\/v2\/types\/page"}],"author":[{"embeddable":true,"href":"https:\/\/original-steifensand.de\/en\/wp-json\/wp\/v2\/users\/123"}],"replies":[{"embeddable":true,"href":"https:\/\/original-steifensand.de\/en\/wp-json\/wp\/v2\/comments?post=2869"}],"version-history":[{"count":0,"href":"https:\/\/original-steifensand.de\/en\/wp-json\/wp\/v2\/pages\/2869\/revisions"}],"up":[{"embeddable":true,"href":"https:\/\/original-steifensand.de\/en\/wp-json\/wp\/v2\/pages\/5432"}],"wp:attachment":[{"href":"https:\/\/original-steifensand.de\/en\/wp-json\/wp\/v2\/media?parent=2869"}],"curies":[{"name":"wp","href":"https:\/\/api.w.org\/{rel}","templated":true}]}}